{"id":9256,"date":"2025-12-15T08:22:40","date_gmt":"2025-12-15T07:22:40","guid":{"rendered":"https:\/\/numerik-games.ch\/de\/?page_id=9256"},"modified":"2025-12-16T12:01:29","modified_gmt":"2025-12-16T11:01:29","slug":"9256-2","status":"publish","type":"page","link":"https:\/\/numerik-games.ch\/de\/","title":{"rendered":"Communication 2025"},"content":{"rendered":"\n<figure class=\"wp-block-image size-full is-resized\"><img loading=\"lazy\" decoding=\"async\" width=\"600\" height=\"192\" src=\"https:\/\/www.numerik-games.ch\/wp-content\/uploads\/2023\/05\/nglogo2023.png\" alt=\"\" class=\"wp-image-8510\" style=\"width:213px;height:auto\" srcset=\"https:\/\/numerik-games.ch\/de\/wp-content\/uploads\/2023\/05\/nglogo2023.png 600w, https:\/\/numerik-games.ch\/de\/wp-content\/uploads\/2023\/05\/nglogo2023-300x96.png 300w\" sizes=\"auto, (max-width: 600px) 100vw, 600px\" \/><\/figure>\n\n\n\n<p>Communiqu\u00e9 de presse \u2013 16.12.2025<\/p>\n\n\n\n<h2 class=\"wp-block-heading\">Un renouveau pour le num\u00e9rique \u00e0 Yverdon-les-Bains<\/h2>\n\n\n\n<p><strong>Apr\u00e8s deux ans de travail port\u00e9 sur le positionnement de la manifestation Numerik Games, le comit\u00e9 de l\u2019association a pr\u00e9sent\u00e9 un concept regroupant valorisation du patrimoine et num\u00e9rique \u00e0 Yverdon-les-Bains. Convaincus de la pertinence du projet et de la n\u00e9cessit\u00e9 de le faire porter par une organisation \u00e0 plus forte capacit\u00e9 op\u00e9rationnelle, les partenaires historiques de l\u2019association (HEIG-VD, ADNV) et la Ville d\u2019Yverdon-les-Bains se sont entendus avec l\u2019association Patrimoine Vivant pour poursuivre la d\u00e9marche.<\/strong><\/p>\n\n\n\n<p><br>Depuis la derni\u00e8re \u00e9dition du festival Numerik Games, le comit\u00e9 de l\u2019association a men\u00e9 un travail minutieux visant \u00e0 d\u00e9gager des pistes d\u2019\u00e9volution et \u00e9tablir un positionnement fort pour une manifestation num\u00e9rique dans un environnement hautement concurrentiel. Au terme de ces r\u00e9flexions, la th\u00e9matique \u00ab&nbsp;patrimoine et num\u00e9rique&nbsp;\u00bb s\u2019est impos\u00e9e comme la plus pertinente et originale dans le paysage culturel romand, b\u00e9n\u00e9ficiant d\u2019un grand potentiel de d\u00e9veloppement. Fil d\u2019Ariane entre le pass\u00e9 et le futur, les questions patrimoniales invitent \u00e0 repenser le rapport entre h\u00e9ritage, innovation et avenir. Par le prisme de la cr\u00e9ation num\u00e9rique, c\u2019est la volont\u00e9 de se projeter dans ce qui fa\u00e7onne nos r\u00e9cits collectifs et d\u2019interroger les m\u00e9canismes de la transmission de mani\u00e8re cr\u00e9ative, ludique et participative qui transpara\u00eet.<\/p>\n\n\n\n<p><br>Persuad\u00e9s de la force du concept propos\u00e9, le comit\u00e9 de l\u2019association Numerik Games et la Ville ont confi\u00e9 la poursuite de ce travail \u00e0 une structure plus \u00e0 m\u00eame d\u2019en d\u00e9velopper les potentialit\u00e9s, l\u2019association Patrimoine Vivant. Ce passage de t\u00e9moin marque la fin du projet Numerik Games et l\u2019association annonce sa dissolution prochaine.<\/p>\n\n\n\n<p><br>Soucieuse de renforcer son soutien aux manifestations \u00e9tablies, la Ville se joint \u00e0 l\u2019association Patrimoine Vivant dans la poursuite de cette mission. Compos\u00e9e des institutions mus\u00e9ales locales (Mus\u00e9e d\u2019Ailleurs, Mus\u00e9e d\u2019Yverdon-les-Bains et R\u00e9gion, Mus\u00e9e suisse de la Mode et Centre Pro Natura) et organisatrice de La Nuit des mus\u00e9es (avec le Centre d\u2019Art Contemporain et la Biblioth\u00e8que d\u2019Yverdon), l\u2019association Patrimoine Vivant est forte d\u2019une grande expertise dans le domaine du patrimoine et de l\u2019\u00e9v\u00e9nementiel culturel. Elle proposera un d\u00e9veloppement du projet, dont le nom \u00e9mergera prochainement, \u00e0 l\u2019horizon 2027, qui pourrait \u00eatre une \u00e9volution de la Nuit des mus\u00e9es. Un premier clin d\u2019\u0153il sera r\u00e9v\u00e9l\u00e9 au public courant 2026.<\/p>\n\n\n\n<p><br>Alliant des objectifs d\u2019accessibilit\u00e9, de renforcement de l\u2019offre culturelle nocturne, de valorisation du patrimoine, de m\u00e9diation et de soutien \u00e0 la cr\u00e9ation artistique, ce nouveau projet r\u00e9pond parfaitement aux axes soutenus dans le Plan directeur de la culture 2030.<\/p>\n\n\n\n<p><br>La Ville salue le travail de fond men\u00e9 par le comit\u00e9 de l\u2019association Numerik Games durant les deux derni\u00e8res ann\u00e9es et la transmission d\u2019un concept tr\u00e8s inspirant. Empreint de renouveau, de cr\u00e9ativit\u00e9 et porteur d\u2019avenir, ce projet festif et ludique promet un avenir p\u00e9renne pour le num\u00e9rique \u00e0 Yverdon-les-Bains, qui compte d\u00e9j\u00e0 le soutient de la Municipalit\u00e9 au travers du projet FER finals, qui s\u2019est tenu en 2025 du 31 octobre au 2 novembre.<\/p>\n\n\n\n<p><br>Ensemble, les associations Numerik Games, Patrimoine Vivant et la Ville se r\u00e9jouissent du nouveau chapitre qui s\u2019ouvre pour les arts num\u00e9riques dans le Nord vaudois et remercient l\u2019ensemble des partenaires qui ont accompagn\u00e9 l\u2019aventure Numerik Games au fil des ann\u00e9es.<br> <br><strong>CONTACTS<\/strong><br>Carmen Tanner, Co-syndique en charge de la culture et de la durabilit\u00e9, 079 350 61 52<br>Pascal Gafner, Pr\u00e9sident de l\u2019association Numerik Games, 078 652 51 51<br>Fr\u00e9d\u00e9ric Jaccaud, Pr\u00e9sident de l\u2019association Patrimoine Vivant, 024 425 64 38<\/p>\n\n\n\n<hr class=\"wp-block-separator has-alpha-channel-opacity\"\/>\n\n\n\n<h2 class=\"wp-block-heading\">26.08.2025 &#8211; Un avenir en cours de r\u00e9flexion pour Numerik Games<\/h2>\n\n\n\n<p><\/p>\n\n\n\n<p id=\"paragraph-c045cac\" class=\"paragraph-c581763\"><strong>\u00c0 l\u2019automne 2024, l\u2019Association Numerik Games a convi\u00e9 des sp\u00e9cialistes du num\u00e9rique \u00e0 des assises afin d\u2019\u00e9valuer le positionnement de la manifestation et d\u2019identifier les pistes de d\u00e9veloppement pour l\u2019avenir. L\u2019association a choisi de consacrer l\u2019ann\u00e9e 2025 \u00e0 l\u2019approfondissement des concepts novateurs envisag\u00e9s et ne pr\u00e9sentera pas de nouvelle \u00e9dition pour le moment.<\/strong><\/p>\n\n\n\n<p>En lieu et place d\u2019une \u00e9dition 2024 du Festival Numerik Games, les partenaires historiques de la manifestation se sont entendus pour stabiliser la situation financi\u00e8re de la structure, ainsi que pour repenser ensemble le futur de la manifestation. En ce sens, des assises ont eu lieu \u00e0 l\u2019automne 2024, port\u00e9es par l\u2019association et la Ville d\u2019Yverdon-les-Bains, en pr\u00e9sence de personnes expertes du domaine et avec le soutien de la HEIG-VD et du Canton.<\/p>\n\n\n\n<p>Ces assises ont r\u00e9v\u00e9l\u00e9 que, pour demeurer pertinent dans un calendrier \u00e9v\u00e9nementiel romand et international riche et exigent, l\u2019\u00e9v\u00e9nement devait repenser son identit\u00e9 et son positionnement. Diff\u00e9rentes pistes ont \u00e9t\u00e9 analys\u00e9es, et un rapport complet a \u00e9t\u00e9 rendu \u00e0 l\u2019association. Ce rapport reconna\u00eet le potentiel d\u2019une telle manifestation et pr\u00e9sente diff\u00e9rentes propositions \u00e0 m\u00eame de cr\u00e9er un \u00e9v\u00e9nement unique, adapt\u00e9 autant \u00e0 la r\u00e9alit\u00e9 locale qu\u2019aux opportunit\u00e9s existantes dans le domaine num\u00e9rique.<\/p>\n\n\n\n<p>Depuis, l\u2019association s\u2019est donn\u00e9 du temps pour statuer sur les diff\u00e9rentes propositions re\u00e7ues, dessiner les perspectives de d\u00e9veloppement \u00e0 long terme de la manifestation, approcher des partenaires potentiels et constituer une \u00e9quipe \u00e0 m\u00eame de r\u00e9aliser un nouveau projet. Ce travail d\u2019envergure, encore en cours, ne permet pas d\u2019envisager la tenue d\u2019un \u00e9v\u00e9nement en 2025. L\u2019association remercie chaleureusement ses partenaires, la HEIG-VD, la Ville d\u2019Yverdon-les- Bains et le Canton de Vaud pour les ressources allou\u00e9es \u00e0 cette p\u00e9riode de recherche et se r\u00e9jouit de pouvoir continuer \u00e0 travailler main dans la main avec eux \u00e0 l\u2019\u00e9laboration d\u2019un nouveau projet inspirant.<\/p>\n\n\n\n<div id=\"columns-c8aa630\" class=\"columns-cb3c60f\">\n<div id=\"column-c06aa45\" class=\"column-c8a63f8 cc-clmn\">\n<a id=\"div-cfafd5e\" class=\"div-c14ee66 \" href=\"https:\/\/www.yverdon-les-bains.ch\/\" rel=\"noopener\" target=\"_blank\">\n<img loading=\"lazy\" decoding=\"async\" id=\"image-c06cf1b\" class=\"image-c9d764e cc-img\" src=\"https:\/\/www.numerik-games.ch\/wp-content\/uploads\/2023\/05\/ville-yverdon.png\" srcset=\"https:\/\/numerik-games.ch\/de\/wp-content\/uploads\/2023\/05\/ville-yverdon.png 336w, https:\/\/numerik-games.ch\/de\/wp-content\/uploads\/2023\/05\/ville-yverdon-300x114.png 300w\" sizes=\"auto, (max-width: 336px) 100vw, 336px\" width=\"336\" height=\"128\" alt=\"\"\/>\n<\/a>\n<\/div>\n\n\n\n<div id=\"column-c59c7f5\" class=\"column-c00ca8a cc-clmn\">\n<a id=\"div-ca5f170\" class=\"div-c34c661 \" href=\"https:\/\/www.vd.ch\/\" rel=\"noopener\" target=\"_blank\">\n<img loading=\"lazy\" decoding=\"async\" id=\"image-cfc89a3\" class=\"image-c57cdb0 cc-img\" src=\"https:\/\/www.numerik-games.ch\/wp-content\/uploads\/2023\/05\/vd-soutien-sponsoring-positif.png\" srcset=\"https:\/\/numerik-games.ch\/de\/wp-content\/uploads\/2023\/05\/vd-soutien-sponsoring-positif.png 336w, https:\/\/numerik-games.ch\/de\/wp-content\/uploads\/2023\/05\/vd-soutien-sponsoring-positif-300x114.png 300w\" sizes=\"auto, (max-width: 336px) 100vw, 336px\" width=\"336\" height=\"128\" alt=\"\"\/>\n<\/a>\n<\/div>\n\n\n\n<div id=\"column-c449a56\" class=\"column-ce32dbc cc-clmn\">\n<a id=\"div-c0bd032\" class=\"div-c0799dc \" href=\"https:\/\/heig-vd.ch\/\" rel=\"noopener\" target=\"_blank\">\n<img loading=\"lazy\" decoding=\"async\" id=\"image-c227789\" class=\"image-caa8c8d cc-img\" src=\"https:\/\/www.numerik-games.ch\/wp-content\/uploads\/2023\/05\/heig.png\" srcset=\"https:\/\/numerik-games.ch\/de\/wp-content\/uploads\/2023\/05\/heig.png 336w, https:\/\/numerik-games.ch\/de\/wp-content\/uploads\/2023\/05\/heig-300x114.png 300w\" sizes=\"auto, (max-width: 336px) 100vw, 336px\" width=\"336\" height=\"128\" alt=\"\"\/>\n<\/a>\n<\/div>\n\n\n\n<div id=\"column-cc9a4af\" class=\"column-ca0810f cc-clmn\">\n<a id=\"div-c27c968\" class=\"div-c5b1c32 \" href=\"https:\/\/adnv.ch\/\" rel=\"noopener\" target=\"_blank\">\n<img loading=\"lazy\" decoding=\"async\" id=\"image-c4e2ca1\" class=\"image-cd5f1f5 cc-img\" src=\"https:\/\/www.numerik-games.ch\/wp-content\/uploads\/2023\/05\/Adnv_logo.png\" srcset=\"https:\/\/numerik-games.ch\/de\/wp-content\/uploads\/2023\/05\/Adnv_logo.png 336w, https:\/\/numerik-games.ch\/de\/wp-content\/uploads\/2023\/05\/Adnv_logo-300x114.png 300w\" sizes=\"auto, (max-width: 336px) 100vw, 336px\" width=\"336\" height=\"128\" alt=\"\"\/>\n<\/a>\n<\/div>\n<\/div>\n","protected":false},"excerpt":{"rendered":"<p>Communiqu\u00e9 de presse \u2013 16.12.2025 Un renouveau pour le num\u00e9rique \u00e0 Yverdon-les-Bains Apr\u00e8s deux ans de travail port\u00e9 sur le positionnement de la manifestation Numerik Games, le comit\u00e9 de l\u2019association a pr\u00e9sent\u00e9 un concept regroupant valorisation du patrimoine et num\u00e9rique \u00e0 Yverdon-les-Bains. Convaincus de la pertinence du projet et de la n\u00e9cessit\u00e9 de le faire [&hellip;]<\/p>\n","protected":false},"author":7,"featured_media":0,"parent":0,"menu_order":0,"comment_status":"closed","ping_status":"closed","template":"","meta":{"_acf_changed":false,"footnotes":""},"class_list":["post-9256","page","type-page","status-publish","hentry"],"acf":[],"_links":{"self":[{"href":"https:\/\/numerik-games.ch\/de\/wp-json\/wp\/v2\/pages\/9256","targetHints":{"allow":["GET"]}}],"collection":[{"href":"https:\/\/numerik-games.ch\/de\/wp-json\/wp\/v2\/pages"}],"about":[{"href":"https:\/\/numerik-games.ch\/de\/wp-json\/wp\/v2\/types\/page"}],"author":[{"embeddable":true,"href":"https:\/\/numerik-games.ch\/de\/wp-json\/wp\/v2\/users\/7"}],"replies":[{"embeddable":true,"href":"https:\/\/numerik-games.ch\/de\/wp-json\/wp\/v2\/comments?post=9256"}],"version-history":[{"count":5,"href":"https:\/\/numerik-games.ch\/de\/wp-json\/wp\/v2\/pages\/9256\/revisions"}],"predecessor-version":[{"id":9269,"href":"https:\/\/numerik-games.ch\/de\/wp-json\/wp\/v2\/pages\/9256\/revisions\/9269"}],"wp:attachment":[{"href":"https:\/\/numerik-games.ch\/de\/wp-json\/wp\/v2\/media?parent=9256"}],"curies":[{"name":"wp","href":"https:\/\/api.w.org\/{rel}","templated":true}]}}