{"id":9181,"date":"2023-07-28T14:07:03","date_gmt":"2023-07-28T12:07:03","guid":{"rendered":"https:\/\/numerik-games.ch\/de\/?page_id=9181"},"modified":"2024-02-17T14:09:24","modified_gmt":"2024-02-17T13:09:24","slug":"praktische-informationen","status":"publish","type":"page","link":"https:\/\/numerik-games.ch\/de\/praktische-informationen\/","title":{"rendered":"Praktische Informationen"},"content":{"rendered":"\n<h2 class=\"wp-block-heading\">Festival-\u00d6ffnungszeiten<\/h2>\n\n\n\n<p>Freitag, 25.&nbsp;August 2023: 14:00-04:00 (Ticketschalter: 13:30-02:00)<\/p>\n\n\n\n<p>Samstag, 26.&nbsp;August 2023: 11:00-04:00 (Ticketschalter: 10:30-02:00)<\/p>\n\n\n\n<p>Sonntag, 27.&nbsp;August 2023: 11:00-18:00 (Ticketschalter: 10:30-16:00)<\/p>\n\n\n\n<h2 class=\"wp-block-heading\">Gel\u00e4nde<\/h2>\n\n\n\n<p>Das Festival findet statt gegen\u00fcber dem Bahnhof von Yverdon-les-Bains \u2013 eine Lage, die sanfte Mobilit\u00e4t f\u00f6rdert! Der Eingang zum Festivalgel\u00e4nde befindet sich auf der Seite des&nbsp;<em>Jardin <\/em><em>Japonais<\/em>. Wenn Du mit dem Auto kommst, unterliegen die Parkdauer und die Parkgeb\u00fchren der Parkordnung der Stadt Yverdon-les-Bains.<\/p>\n\n\n\n<figure class=\"wp-block-image size-full\"><img loading=\"lazy\" decoding=\"async\" width=\"1024\" height=\"612\" src=\"https:\/\/numerik-games.ch\/de\/wp-content\/uploads\/2023\/07\/image-2.png\" alt=\"\" class=\"wp-image-9184\" srcset=\"https:\/\/numerik-games.ch\/de\/wp-content\/uploads\/2023\/07\/image-2.png 1024w, https:\/\/numerik-games.ch\/de\/wp-content\/uploads\/2023\/07\/image-2-300x179.png 300w, https:\/\/numerik-games.ch\/de\/wp-content\/uploads\/2023\/07\/image-2-768x459.png 768w\" sizes=\"auto, (max-width: 1024px) 100vw, 1024px\" \/><\/figure>\n\n\n\n<h2 class=\"wp-block-heading\">Cashless<\/h2>\n\n\n\n<p>Ein bargeldloses Festival f\u00fcr einen reibungslosen Ablauf! Du kannst dein Cashless-Konto (das&nbsp;mit Deinem Eintrittsband verkn\u00fcpft ist) einfach und ohne zus\u00e4tzliche Kosten online oder an der Kasse aufladen. Das Guthaben auf Deinem Cashless-Konto kannst du dir nach dem Festival auszahlen lassen. M\u00f6chtest Du etwas Gutes tun? Die H\u00e4lfte des Betrags, den du auf deinem Cashless-Konto hinterl\u00e4sst, geht an den Verein <a href=\"https:\/\/www.autisme.ch\/\"><u>autisme<\/u><u> suisse <\/u><u>romande<\/u><\/a>, der sich f\u00fcr die Rechte und Interessen von Menschen mit Autismus und ihren Familien einsetzt.<\/p>\n\n\n\n<figure class=\"wp-block-image size-full\"><img loading=\"lazy\" decoding=\"async\" width=\"857\" height=\"158\" src=\"https:\/\/numerik-games.ch\/de\/wp-content\/uploads\/2023\/07\/image-1.png\" alt=\"\" class=\"wp-image-9183\" srcset=\"https:\/\/numerik-games.ch\/de\/wp-content\/uploads\/2023\/07\/image-1.png 857w, https:\/\/numerik-games.ch\/de\/wp-content\/uploads\/2023\/07\/image-1-300x55.png 300w, https:\/\/numerik-games.ch\/de\/wp-content\/uploads\/2023\/07\/image-1-768x142.png 768w\" sizes=\"auto, (max-width: 857px) 100vw, 857px\" \/><\/figure>\n\n\n\n<h2 class=\"wp-block-heading\">Wetterlage<\/h2>\n\n\n\n<p>Die diversen Festivaleinrichtungen sind \u00fcberdacht, damit Du Dich wetterunabh\u00e4ngig wohlf\u00fchlst und vor Sonne und Regen gesch\u00fctzt bist. Sollte starke Hitze herrschen, dann passe bitte Dein Verhalten an: Trage leichte, helle Kleidung und denke vor allem daran, gen\u00fcgend Fl\u00fcssigkeit zu Dir zu nehmen. Du darfst auf dem Festivalgel\u00e4nde Deine eigene Wasserflasche dabeihaben, und es stehen Wasserh\u00e4hne\u00a0\u00a0bereit, an denen Du sie jederzeit auff\u00fcllen kannst.<\/p>\n\n\n\n<h2 class=\"wp-block-heading\">Food &amp; Bar<\/h2>\n\n\n\n<p>Auf dem Festivalgel\u00e4nde findest Du verschiedene Bars und Food Trucks, in denen Du dich rund um die Uhr mit Essen und Trinken versorgen kannst (mit nachhaltigen Pfandbechern).<\/p>\n\n\n\n<h2 class=\"wp-block-heading\">Info-Stand<\/h2>\n\n\n\n<p>Hast Du eine Frage w\u00e4hrend des Festivals? Hast Du etwas gefunden oder verloren? Der durchgehend ge\u00f6ffnete Infopoint am Festivaleingang ist f\u00fcr Dich da!<\/p>\n\n\n\n<h2 class=\"wp-block-heading\"><strong>S<\/strong>icherheit<\/h2>\n\n\n\n<p>Das Numerik Games Festival ist ein Ort des Austauschs und der Geselligkeit: Gewalt, Diskriminierung, Bel\u00e4stigung oder Mobbing tolerieren wir nicht. Wenn Du Opfer oder Zeuge\/Zeugin einer problematischen Situation bist, wende Dich an unsere Sicherheits- oder&nbsp;Barpersonal: Du bist nicht allein und wir unterst\u00fctzen Dich \u2665\ufe0e<\/p>\n\n\n\n<p>Um die Sicherheit und das Wohlergehen aller zu gew\u00e4hrleisten, sind&nbsp;auf dem&nbsp;Festivalgel\u00e4nde verboten: Tiere (au\u00dfer Begleithunde), Waffen, verschliessbare Beh\u00e4lter, Drogen und Gegenst\u00e4nde, die gef\u00e4hrlich sind oder als Geschoss verwendet werden k\u00f6nnen.<\/p>\n\n\n\n<h2 class=\"wp-block-heading\">Wohlbefinden<\/h2>\n\n\n\n<p>Ein Samariter*innen-Team ist jederzeit auf dem Festivalgel\u00e4nde pr\u00e4sent. Wenn du dich nicht wohl f\u00fchlst, sind sie f\u00fcr dich da.<\/p>\n\n\n\n<p>Die Konzert-Lautst\u00e4rke kann 90 dB \u00fcberschreiten. Um Dein Geh\u00f6r zu sch\u00fctzen, kannst Du an der Bar und am Infostand Geh\u00f6rschutzpfropfen beziehen.<\/p>\n\n\n\n<p>Der Verkauf von Alkohol an Personen unter 16 Jahren und von Spirituosen an Personen unter 18 Jahren ist nach Schweizer Recht verboten. Das Personal an der Bar des Numerik Games Festival beh\u00e4lt sich das Recht vor, Dich nach einem g\u00fcltigen Ausweisdokument (Personalausweis, Reisepass oder F\u00fchrerschein) zu fragen, bevor es Dir ein alkoholisches Getr\u00e4nk serviert.<\/p>\n\n\n\n<h2 class=\"wp-block-heading\">Zug\u00e4nglichkeit<\/h2>\n\n\n\n<p>Alle Bereiche f\u00fcr Konzerte und Auff\u00fchrungen und die meisten St\u00e4nde sind ohne vorherige Anmeldung mit dem Rollstuhl zug\u00e4nglich. <\/p>\n\n\n\n<p>Das Festival verf\u00fcgt \u00fcber behindertengerechte WCs.<\/p>\n","protected":false},"excerpt":{"rendered":"<p>Festival-\u00d6ffnungszeiten Freitag, 25.&nbsp;August 2023: 14:00-04:00 (Ticketschalter: 13:30-02:00) Samstag, 26.&nbsp;August 2023: 11:00-04:00 (Ticketschalter: 10:30-02:00) Sonntag, 27.&nbsp;August 2023: 11:00-18:00 (Ticketschalter: 10:30-16:00) Gel\u00e4nde Das Festival findet statt gegen\u00fcber dem Bahnhof von Yverdon-les-Bains \u2013 eine Lage, die sanfte Mobilit\u00e4t f\u00f6rdert! Der Eingang zum Festivalgel\u00e4nde befindet sich auf der Seite des&nbsp;Jardin Japonais. Wenn Du mit dem Auto kommst, unterliegen die [&hellip;]<\/p>\n","protected":false},"author":5,"featured_media":9189,"parent":0,"menu_order":0,"comment_status":"closed","ping_status":"closed","template":"","meta":{"_acf_changed":false,"footnotes":""},"class_list":["post-9181","page","type-page","status-publish","has-post-thumbnail","hentry"],"acf":[],"_links":{"self":[{"href":"https:\/\/numerik-games.ch\/de\/wp-json\/wp\/v2\/pages\/9181","targetHints":{"allow":["GET"]}}],"collection":[{"href":"https:\/\/numerik-games.ch\/de\/wp-json\/wp\/v2\/pages"}],"about":[{"href":"https:\/\/numerik-games.ch\/de\/wp-json\/wp\/v2\/types\/page"}],"author":[{"embeddable":true,"href":"https:\/\/numerik-games.ch\/de\/wp-json\/wp\/v2\/users\/5"}],"replies":[{"embeddable":true,"href":"https:\/\/numerik-games.ch\/de\/wp-json\/wp\/v2\/comments?post=9181"}],"version-history":[{"count":6,"href":"https:\/\/numerik-games.ch\/de\/wp-json\/wp\/v2\/pages\/9181\/revisions"}],"predecessor-version":[{"id":9250,"href":"https:\/\/numerik-games.ch\/de\/wp-json\/wp\/v2\/pages\/9181\/revisions\/9250"}],"wp:featuredmedia":[{"embeddable":true,"href":"https:\/\/numerik-games.ch\/de\/wp-json\/wp\/v2\/media\/9189"}],"wp:attachment":[{"href":"https:\/\/numerik-games.ch\/de\/wp-json\/wp\/v2\/media?parent=9181"}],"curies":[{"name":"wp","href":"https:\/\/api.w.org\/{rel}","templated":true}]}}