{"id":3947,"date":"2020-03-09T16:49:39","date_gmt":"2020-03-09T15:49:39","guid":{"rendered":"https:\/\/www.numerik-games.ch\/?page_id=3947"},"modified":"2023-08-04T14:11:05","modified_gmt":"2023-08-04T12:11:05","slug":"team","status":"publish","type":"page","link":"https:\/\/numerik-games.ch\/de\/team\/","title":{"rendered":"Das Team"},"content":{"rendered":"\n<p>Die im Januar 2016 gegr\u00fcndete <em>Association Numerik Games<\/em> k\u00fcmmert sich um die Betreuung und den Fortbestand des Anlasses und sucht nach neuen Partner-Institutionen, die am Erfolg und der Entwicklung des Numerik Games Festivals interessiert sind.<\/p>\n\n\n\n<h2 class=\"wp-block-heading\">Mitglieder des Vereinsvorstands<\/h2>\n\n\n\n<p>Olivier Bloch (Vorsitzender), Rechtsanwalt<br>Samuel Jaccard (Schatzmeister), Wirtschaftspr\u00fcfer<br>Laurent Gabella (Sekret\u00e4r), Pr\u00e4sident der SIC<br>Nadia Mettraux (Mitglied), Leiterin der ADNV<br>Juliana Pantet (Mitglied), Leiterin der Y-Parc SA<br>Marc Atallah (Mitglied), Leiter des Maison d\u2019Ailleurs<\/p>\n\n\n\n<p>Die Leitung des Festivals obliegt Marc Atallah, dem Leiter des Maison d\u2019Ailleurs.<\/p>\n","protected":false},"excerpt":{"rendered":"<p>Die im Januar 2016 gegr\u00fcndete Association Numerik Games k\u00fcmmert sich um die Betreuung und den Fortbestand des Anlasses und sucht nach neuen Partner-Institutionen, die am Erfolg und der Entwicklung des Numerik Games Festivals interessiert sind. Mitglieder des Vereinsvorstands Olivier Bloch (Vorsitzender), RechtsanwaltSamuel Jaccard (Schatzmeister), Wirtschaftspr\u00fcferLaurent Gabella (Sekret\u00e4r), Pr\u00e4sident der SICNadia Mettraux (Mitglied), Leiterin der ADNVJuliana [&hellip;]<\/p>\n","protected":false},"author":1,"featured_media":7605,"parent":0,"menu_order":0,"comment_status":"closed","ping_status":"closed","template":"","meta":{"_acf_changed":false,"footnotes":""},"class_list":["post-3947","page","type-page","status-publish","has-post-thumbnail","hentry"],"acf":[],"_links":{"self":[{"href":"https:\/\/numerik-games.ch\/de\/wp-json\/wp\/v2\/pages\/3947","targetHints":{"allow":["GET"]}}],"collection":[{"href":"https:\/\/numerik-games.ch\/de\/wp-json\/wp\/v2\/pages"}],"about":[{"href":"https:\/\/numerik-games.ch\/de\/wp-json\/wp\/v2\/types\/page"}],"author":[{"embeddable":true,"href":"https:\/\/numerik-games.ch\/de\/wp-json\/wp\/v2\/users\/1"}],"replies":[{"embeddable":true,"href":"https:\/\/numerik-games.ch\/de\/wp-json\/wp\/v2\/comments?post=3947"}],"version-history":[{"count":3,"href":"https:\/\/numerik-games.ch\/de\/wp-json\/wp\/v2\/pages\/3947\/revisions"}],"predecessor-version":[{"id":8756,"href":"https:\/\/numerik-games.ch\/de\/wp-json\/wp\/v2\/pages\/3947\/revisions\/8756"}],"wp:featuredmedia":[{"embeddable":true,"href":"https:\/\/numerik-games.ch\/de\/wp-json\/wp\/v2\/media\/7605"}],"wp:attachment":[{"href":"https:\/\/numerik-games.ch\/de\/wp-json\/wp\/v2\/media?parent=3947"}],"curies":[{"name":"wp","href":"https:\/\/api.w.org\/{rel}","templated":true}]}}