{"id":1771,"date":"2018-04-11T18:42:12","date_gmt":"2018-04-11T16:42:12","guid":{"rendered":"https:\/\/www.numerik-games.ch\/ng2017\/?page_id=1771"},"modified":"2023-05-17T21:59:59","modified_gmt":"2023-05-17T19:59:59","slug":"festival","status":"publish","type":"page","link":"https:\/\/numerik-games.ch\/de\/festival\/","title":{"rendered":"Das Festival"},"content":{"rendered":"\n<p><strong>Willkommen beim Festival der Zukunft \u2013 das sich bereits heute darum dreht, was kommende Zeiten bringen!<\/strong><\/p>\n\n\n\n<p>Die Ausgabe 2023 des Numerik Games Festivals baut auf Erfahrungen der vergangenen Jahre, legt einen Gang zu und stellt drei aussergew\u00f6hnliche Tage in Aussicht. Ausgehend vom Wunsch, die zentralen Werte der Yverdoner Veranstaltung weiter zu st\u00e4rken \u2013 d.h. ein kunstform- und generationen\u00fcbergreifendes, integratives und umsichtiges Festival anzubieten \u2013 hat sich das Organisationsteam selbst \u00fcbertroffen und ein Programm zusammengestellt, das Kreativit\u00e4t im digitalen Bereich ins Visier nimmt. F\u00fcr jeden Geschmack, jedes Alter und alle Vorlieben!<\/p>\n\n\n\n<p>Ein paar Beispiele? Steht alles im Programm! Doch f\u00fcr Ungeduldige kommen hier schon einmal ein paar Infos zu den Headlinern des 8. Numerik Games Festival.<\/p>\n\n\n\n<p>Zuerst die Shows: Das japanische Performance-Kollektiv ENRA verkn\u00fcpft Tanz mit digitaler Kunst und kehrt vier Jahre nach seinem ersten Auftritt am Festival mit einer brandneuen Produktion zur\u00fcck. Das ukrainische Ensemble VERBA SHADOW bietet visuell berauschendes Schattentheater, und gespannt erwartet wird das von der Theatergruppe arTpenteurs uraufgef\u00fchrte Zirkusspektakel \u00abFahrenheit 451\u00bb.<\/p>\n\n\n\n<p>Weil in den letzten Jahren das Interesse unseres Publikums an Konzerten stieg, haben wir den Bereich stark ausgebaut: Wir begr\u00fcssen FAKEAR (F), ASCENDANT VIERGE (F), BARON.E (CH), MARA (CH), FLUFFY MACHINE (CH), LA FOUGUE (CH) und DJ FAZZ (CH) \u2013 und nicht zu vergessen die allseits beliebte Silent Disco, die bis sp\u00e4t in die Nacht zum Tanz einl\u00e4dt!<\/p>\n\n\n\n<p>Die eigent\u00fcmliche Magie des Digitalen wird sich auch verbreiten anl\u00e4sslich der urbanen Performances TRANSCHRONES (F), ONE LOVE MACHINE BAND (D) und DIGITA (CH). Und das ist noch nicht alles! Es gibt auch ein Street Fighter 6 Game-Turnier, einen Cosplay-Wettbewerb, die M\u00f6glichkeit, LEGO-Z\u00fcge in VR zu verfolgen, Nintendo mit neuen Highlights, und nicht zuletzt viele Workshops, die den Kids Freude bereiten\u2026 und ihren Eltern genauso! Der Clou unter den Aktivit\u00e4ten: Ein Videomapping-Wettbewerb f\u00fcr junge Kunstschaffende erm\u00f6glicht es aufstrebenden Talenten, ihre digitalen Werke auf die wundersch\u00f6ne Fassade des Th\u00e9\u00e2tre Benno-Besson zu projizieren. Was will man noch mehr?<\/p>\n\n\n\n<p>Lust auf Ver\u00e4nderung? Hier sind einige Neuheiten, mit denen wir dieses Jahr aufwarten:<\/p>\n\n\n\n<p>Zun\u00e4chst der Ort: Der Wunsch nach einem einheitlichen Gel\u00e4nde hat das Organisationsteam dazu bewogen, das Gebiet zwischen dem Parkplatz der Place d&#8217;Armes und dem Th\u00e9\u00e2tre Benno Besson und seinen G\u00e4rten zu erschliessen. Dadurch r\u00fcckt das Festival n\u00e4her an den Bahnhof von Yverdon-les-Bains: Der Zugang wird einfacher, die sanfte Mobilit\u00e4t aufgewertet!<\/p>\n\n\n\n<p>Ausgedehnte \u00d6ffnungszeiten \u2013 das Numerik Games Festival macht digitale Kultur neu auch Schulklassen zug\u00e4nglich: Es \u00f6ffnet seine T\u00fcren schon am Freitag, 25. August, um 14 Uhr, um Schulen die M\u00f6glichkeit zu geben, Vorf\u00fchrungen, Workshops und Games als Vorpremieren zu entdecken.<\/p>\n\n\n\n<p>Bargeld ist out: Ein v\u00f6llig neues, flexibles Cashless-System kommt 2023 zum ersten Mal zum Einsatz. Eine schnelle, einfache und sichere Zahlungsl\u00f6sung f\u00fcr das Festivalpublikum!<\/p>\n\n\n\n<p>Und als Zeichen, dass bei uns alle willkommen sind, veranstalten wir ein kostenloses Konzert der FODGE FAMILY (CH) \u2013 am Donnerstagabend, den 24. August 2023, ab 21 Uhr auf der grossen Festivalb\u00fchne.<\/p>\n\n\n\n<p>\u00dcber 50 Angebote an einem Wochenende\u2026<\/p>\n\n\n\n<p>Wenn das kein Grund ist, die Digitalkunst zu feiern!<\/p>\n","protected":false},"excerpt":{"rendered":"<p>Willkommen beim Festival der Zukunft \u2013 das sich bereits heute darum dreht, was kommende Zeiten bringen! Die Ausgabe 2023 des Numerik Games Festivals baut auf Erfahrungen der vergangenen Jahre, legt einen Gang zu und stellt drei aussergew\u00f6hnliche Tage in Aussicht. Ausgehend vom Wunsch, die zentralen Werte der Yverdoner Veranstaltung weiter zu st\u00e4rken \u2013 d.h. ein [&hellip;]<\/p>\n","protected":false},"author":1,"featured_media":7594,"parent":0,"menu_order":0,"comment_status":"closed","ping_status":"closed","template":"","meta":{"_acf_changed":false,"footnotes":""},"class_list":["post-1771","page","type-page","status-publish","has-post-thumbnail","hentry"],"acf":[],"_links":{"self":[{"href":"https:\/\/numerik-games.ch\/de\/wp-json\/wp\/v2\/pages\/1771","targetHints":{"allow":["GET"]}}],"collection":[{"href":"https:\/\/numerik-games.ch\/de\/wp-json\/wp\/v2\/pages"}],"about":[{"href":"https:\/\/numerik-games.ch\/de\/wp-json\/wp\/v2\/types\/page"}],"author":[{"embeddable":true,"href":"https:\/\/numerik-games.ch\/de\/wp-json\/wp\/v2\/users\/1"}],"replies":[{"embeddable":true,"href":"https:\/\/numerik-games.ch\/de\/wp-json\/wp\/v2\/comments?post=1771"}],"version-history":[{"count":6,"href":"https:\/\/numerik-games.ch\/de\/wp-json\/wp\/v2\/pages\/1771\/revisions"}],"predecessor-version":[{"id":8746,"href":"https:\/\/numerik-games.ch\/de\/wp-json\/wp\/v2\/pages\/1771\/revisions\/8746"}],"wp:featuredmedia":[{"embeddable":true,"href":"https:\/\/numerik-games.ch\/de\/wp-json\/wp\/v2\/media\/7594"}],"wp:attachment":[{"href":"https:\/\/numerik-games.ch\/de\/wp-json\/wp\/v2\/media?parent=1771"}],"curies":[{"name":"wp","href":"https:\/\/api.w.org\/{rel}","templated":true}]}}